{"id":109,"date":"2024-11-07T12:57:39","date_gmt":"2024-11-07T12:57:39","guid":{"rendered":"https:\/\/wp.teste.tmgl.org\/americas\/?page_id=109"},"modified":"2024-11-14T11:55:40","modified_gmt":"2024-11-14T11:55:40","slug":"sistemas-y-o-modelos-tradicionales-de-salud","status":"publish","type":"page","link":"https:\/\/wp.teste.tmgl.org\/americas\/es\/medicinas-tradicionales-de-las-americas\/medicinas-tradicionales-concepcion-y-desarrollo-en-las-americas\/sistemas-y-o-modelos-tradicionales-de-salud\/","title":{"rendered":"Sistemas y\/o modelos tradicionales de salud"},"content":{"rendered":"\n<p>Pr\u00f3ximamente encontrar\u00e1 en esta secci\u00f3n informaci\u00f3n relacionada con los sistemas o modelos de salud tradicionales, propios, de las poblaciones ind\u00edgenas, afrodescendientes, roman\u00edes y de otros pueblos \u00e9tnicos de las Am\u00e9ricas.<br><br><\/p>\n\n\n\n<p><\/p>\n","protected":false},"excerpt":{"rendered":"<p>Pr\u00f3ximamente encontrar\u00e1 en esta secci\u00f3n informaci\u00f3n relacionada con los sistemas o modelos de salud tradicionales, propios, de las poblaciones ind\u00edgenas, [&hellip;]<\/p>\n","protected":false},"author":1,"featured_media":0,"parent":103,"menu_order":0,"comment_status":"closed","ping_status":"closed","template":"","meta":{"_acf_changed":false,"footnotes":""},"country":[],"region":[],"class_list":["post-109","page","type-page","status-publish","hentry"],"acf":{"Itens":false},"lang":"es","translations":{"es":109,"en":238},"pll_sync_post":[],"_links":{"self":[{"href":"https:\/\/wp.teste.tmgl.org\/americas\/wp-json\/wp\/v2\/pages\/109","targetHints":{"allow":["GET"]}}],"collection":[{"href":"https:\/\/wp.teste.tmgl.org\/americas\/wp-json\/wp\/v2\/pages"}],"about":[{"href":"https:\/\/wp.teste.tmgl.org\/americas\/wp-json\/wp\/v2\/types\/page"}],"author":[{"embeddable":true,"href":"https:\/\/wp.teste.tmgl.org\/americas\/wp-json\/wp\/v2\/users\/1"}],"replies":[{"embeddable":true,"href":"https:\/\/wp.teste.tmgl.org\/americas\/wp-json\/wp\/v2\/comments?post=109"}],"version-history":[{"count":2,"href":"https:\/\/wp.teste.tmgl.org\/americas\/wp-json\/wp\/v2\/pages\/109\/revisions"}],"predecessor-version":[{"id":112,"href":"https:\/\/wp.teste.tmgl.org\/americas\/wp-json\/wp\/v2\/pages\/109\/revisions\/112"}],"up":[{"embeddable":true,"href":"https:\/\/wp.teste.tmgl.org\/americas\/wp-json\/wp\/v2\/pages\/103"}],"wp:attachment":[{"href":"https:\/\/wp.teste.tmgl.org\/americas\/wp-json\/wp\/v2\/media?parent=109"}],"wp:term":[{"taxonomy":"country","embeddable":true,"href":"https:\/\/wp.teste.tmgl.org\/americas\/wp-json\/wp\/v2\/country?post=109"},{"taxonomy":"region","embeddable":true,"href":"https:\/\/wp.teste.tmgl.org\/americas\/wp-json\/wp\/v2\/region?post=109"}],"curies":[{"name":"wp","href":"https:\/\/api.w.org\/{rel}","templated":true}]}}