{"id":121,"date":"2024-11-07T13:17:44","date_gmt":"2024-11-07T13:17:44","guid":{"rendered":"https:\/\/wp.teste.tmgl.org\/americas\/?page_id=121"},"modified":"2024-11-14T12:12:40","modified_gmt":"2024-11-14T12:12:40","slug":"espacios-tradicionales-de-sanacion","status":"publish","type":"page","link":"https:\/\/wp.teste.tmgl.org\/americas\/es\/medicinas-tradicionales-de-las-americas\/medicinas-tradicionales-concepcion-y-desarrollo-en-las-americas\/espacios-tradicionales-de-sanacion\/","title":{"rendered":"Espacios tradicionales de sanaci\u00f3n"},"content":{"rendered":"\n<p>Pr\u00f3ximamente se encontrar\u00e1 en esta secci\u00f3n informaci\u00f3n relacionada con los espacios donde tradicionalmente se practica la medicina tradicional\/ancestral de las poblaciones ind\u00edgenas, afrodescendientes, roman\u00edes y de otros pueblos \u00e9tnicos de las Am\u00e9ricas<br><\/p>\n\n\n\n<p><\/p>\n","protected":false},"excerpt":{"rendered":"<p>Pr\u00f3ximamente se encontrar\u00e1 en esta secci\u00f3n informaci\u00f3n relacionada con los espacios donde tradicionalmente se practica la medicina tradicional\/ancestral de las [&hellip;]<\/p>\n","protected":false},"author":1,"featured_media":0,"parent":103,"menu_order":0,"comment_status":"closed","ping_status":"closed","template":"","meta":{"_acf_changed":false,"footnotes":""},"country":[],"region":[],"class_list":["post-121","page","type-page","status-publish","hentry"],"acf":{"Itens":false},"lang":"es","translations":{"es":121,"en":249},"pll_sync_post":[],"_links":{"self":[{"href":"https:\/\/wp.teste.tmgl.org\/americas\/wp-json\/wp\/v2\/pages\/121","targetHints":{"allow":["GET"]}}],"collection":[{"href":"https:\/\/wp.teste.tmgl.org\/americas\/wp-json\/wp\/v2\/pages"}],"about":[{"href":"https:\/\/wp.teste.tmgl.org\/americas\/wp-json\/wp\/v2\/types\/page"}],"author":[{"embeddable":true,"href":"https:\/\/wp.teste.tmgl.org\/americas\/wp-json\/wp\/v2\/users\/1"}],"replies":[{"embeddable":true,"href":"https:\/\/wp.teste.tmgl.org\/americas\/wp-json\/wp\/v2\/comments?post=121"}],"version-history":[{"count":2,"href":"https:\/\/wp.teste.tmgl.org\/americas\/wp-json\/wp\/v2\/pages\/121\/revisions"}],"predecessor-version":[{"id":123,"href":"https:\/\/wp.teste.tmgl.org\/americas\/wp-json\/wp\/v2\/pages\/121\/revisions\/123"}],"up":[{"embeddable":true,"href":"https:\/\/wp.teste.tmgl.org\/americas\/wp-json\/wp\/v2\/pages\/103"}],"wp:attachment":[{"href":"https:\/\/wp.teste.tmgl.org\/americas\/wp-json\/wp\/v2\/media?parent=121"}],"wp:term":[{"taxonomy":"country","embeddable":true,"href":"https:\/\/wp.teste.tmgl.org\/americas\/wp-json\/wp\/v2\/country?post=121"},{"taxonomy":"region","embeddable":true,"href":"https:\/\/wp.teste.tmgl.org\/americas\/wp-json\/wp\/v2\/region?post=121"}],"curies":[{"name":"wp","href":"https:\/\/api.w.org\/{rel}","templated":true}]}}