{"id":651,"date":"2025-10-10T11:22:56","date_gmt":"2025-10-10T11:22:56","guid":{"rendered":"https:\/\/wp.teste.tmgl.org\/americas\/?page_id=651"},"modified":"2025-11-27T21:21:01","modified_gmt":"2025-11-27T21:21:01","slug":"praticas-integrativas-e-complementares","status":"publish","type":"page","link":"https:\/\/wp.teste.tmgl.org\/americas\/praticas-integrativas-e-complementares\/","title":{"rendered":"Pr\u00e1ticas Integrativas e Complementares\u00a0"},"content":{"rendered":"\n<p>A implementa\u00e7\u00e3o das <strong>Pr\u00e1ticas Integrativas e Complementares em Sa\u00fade (PICS)<\/strong> no Sistema \u00danico de Sa\u00fade (SUS) do Brasil \u00e9 resultado das demandas sociais de gestores, trabalhadores da sa\u00fade e movimentos sociais da popula\u00e7\u00e3o, que desde 1986, reivindicam esse reconhecimento a partir das Confer\u00eancias Nacionais de Sa\u00fade. A partir de diversas experi\u00eancias locais, e o cont\u00ednuo debate, as PICS foram institu\u00eddas no SUS em <strong>2006<\/strong>, a partir de uma portaria do Minist\u00e9rio da Sa\u00fade que reconhece a Pol\u00edtica Nacional de Pr\u00e1ticas Integrativas e Complementares no SUS e a Pol\u00edtica Nacional de Plantas Medicinais e Fitoter\u00e1picos.<\/p>\n\n\n\n<p>A implementa\u00e7\u00e3o destas pr\u00e1ticas no SUS, incentivou diversos conselhos federais das profiss\u00f5es da sa\u00fade a criarem normativas espec\u00edficas com crit\u00e9rios de forma\u00e7\u00e3o, e atua\u00e7\u00e3o destes profissionais no \u00e2mbito p\u00fablico e privado.<\/p>\n\n\n\n<p>Os produtos, medicamentos, insumos e equipamentos no Brasil s\u00e3o regulamentados pela Ag\u00eancia Nacional de Vigil\u00e2ncia Sanit\u00e1ria &#8211; Anvisa, com importantes avan\u00e7os na regulamenta\u00e7\u00e3o dos medicamentos fitoter\u00e1picos e produtos da Medicina Tradicional Chinesa.<\/p>\n\n\n\n<h2 class=\"wp-block-heading\"><strong>Pr\u00e1ticas Reconhecidas no Sistema P\u00fablico<\/strong><\/h2>\n\n\n\n<p>As PICS no SUS, como s\u00e3o chamadas no Brasil, contempla sistemas m\u00e9dicos complexos e recursos terap\u00eauticos, e atualmente contemplam 29 pr\u00e1ticas: homeopatia, medicina tradicional chinesa\/acupuntura, plantas medicinais e fitoterapia, medicina antropos\u00f3fica, termalismo social\/crenoterapia, arteterapia, ayurveda, biodan\u00e7a, dan\u00e7a circular, medita\u00e7\u00e3o, musicoterapia, naturopatia, osteopatia, quiropraxia, reflexoterapia, reiki, shantala, terapia comunit\u00e1ria integrativa, yoga, aromaterapia, apiterapia, bioenerg\u00e9tica, constela\u00e7\u00e3o familiar, cromoterapia, geoterapia, hipnoterapia, imposi\u00e7\u00e3o de m\u00e3os, ozonioterapia e terapia de florais. Estas 29 pr\u00e1ticas ampliam as abordagens de cuidado e as possibilidades terap\u00eauticas para os usu\u00e1rios, garantindo uma maior integralidade e resolutividade da aten\u00e7\u00e3o \u00e0 sa\u00fade.<\/p>\n\n\n\n<p>Estas pr\u00e1ticas est\u00e3o inseridas nos mesmos servi\u00e7os de sa\u00fade convencional, e s\u00e3o realizadas por profissionais de sa\u00fade, como m\u00e9dicos, enfermeiros, fisioterapeutas, psic\u00f3logos, entre outros. Entre os profissionais, existem tamb\u00e9m profissionais espec\u00edficos das PICS como musicoterapeutas, arteterapeutas, natur\u00f3logos e terapeutas hol\u00edsticos, mas em pequena quantidade.<\/p>\n\n\n\n<p>Mais de 23 mil equipes de sa\u00fade ofertam essas pr\u00e1ticas em cerca de 21 mil estabelecimentos de Aten\u00e7\u00e3o Prim\u00e1ria \u00e0 Sa\u00fade, mais de 350 hospitais p\u00fablicos, 2 mil servi\u00e7os de m\u00e9dia complexidade, incluindo de sa\u00fade mental.&nbsp;<\/p>\n\n\n\n<figure class=\"wp-block-image size-large\"><img loading=\"lazy\" decoding=\"async\" width=\"982\" height=\"1024\" src=\"https:\/\/wp.teste.tmgl.org\/americas\/wp-content\/uploads\/sites\/3\/2025\/10\/Captura-de-tela-2025-10-10-081622-982x1024.png\" alt=\"\" class=\"wp-image-656\" srcset=\"https:\/\/wp.teste.tmgl.org\/americas\/wp-content\/uploads\/sites\/3\/2025\/10\/Captura-de-tela-2025-10-10-081622-982x1024.png 982w, https:\/\/wp.teste.tmgl.org\/americas\/wp-content\/uploads\/sites\/3\/2025\/10\/Captura-de-tela-2025-10-10-081622-288x300.png 288w, https:\/\/wp.teste.tmgl.org\/americas\/wp-content\/uploads\/sites\/3\/2025\/10\/Captura-de-tela-2025-10-10-081622-768x801.png 768w, https:\/\/wp.teste.tmgl.org\/americas\/wp-content\/uploads\/sites\/3\/2025\/10\/Captura-de-tela-2025-10-10-081622.png 1455w\" sizes=\"auto, (max-width: 982px) 100vw, 982px\" \/><\/figure>\n\n\n\n<p>Fonte: Minist\u00e9rio da Sa\u00fade (2024) <a href=\"https:\/\/www.gov.br\/saude\/pt-br\/composicao\/saps\/pics\/avaliacao-e-monitoramento\/publicacoes\/relatorio-de-monitoramento-nacional-das-praticas-integrativas-e-complementares-em-saude\" target=\"_blank\" rel=\"noreferrer noopener\">Relat\u00f3rio de monitoramento do Minist\u00e9rio da Sa\u00fade do Brasil<\/a><\/p>\n\n\n\n<p>Em 2024 foram registrados mais de 9 milh\u00f5es de participantes das ofertas individuais e coletivas de PICS, estando entre as pr\u00e1ticas mais registradas no SUS, as pr\u00e1ticas da Medicina Tradicional Chinesa, como acupuntura, auriculoterapia, pr\u00e1ticas corporais e ventosaterapia. Estas ofertas ocorreram principalmente em servi\u00e7os de aten\u00e7\u00e3o prim\u00e1ria em sa\u00fade (56%) e tamb\u00e9m em servi\u00e7os especializados e hospitalares (44%).<\/p>\n\n\n\n<figure class=\"wp-block-image size-large\"><img loading=\"lazy\" decoding=\"async\" width=\"1024\" height=\"378\" src=\"https:\/\/wp.teste.tmgl.org\/americas\/wp-content\/uploads\/sites\/3\/2025\/10\/image-1-1024x378.png\" alt=\"\" class=\"wp-image-657\" srcset=\"https:\/\/wp.teste.tmgl.org\/americas\/wp-content\/uploads\/sites\/3\/2025\/10\/image-1-1024x378.png 1024w, https:\/\/wp.teste.tmgl.org\/americas\/wp-content\/uploads\/sites\/3\/2025\/10\/image-1-300x111.png 300w, https:\/\/wp.teste.tmgl.org\/americas\/wp-content\/uploads\/sites\/3\/2025\/10\/image-1-768x284.png 768w, https:\/\/wp.teste.tmgl.org\/americas\/wp-content\/uploads\/sites\/3\/2025\/10\/image-1.png 1289w\" sizes=\"auto, (max-width: 1024px) 100vw, 1024px\" \/><\/figure>\n\n\n\n<p>Fonte: Minist\u00e9rio da Sa\u00fade (2024) <a href=\"https:\/\/www.gov.br\/saude\/pt-br\/composicao\/saps\/pics\/avaliacao-e-monitoramento\/publicacoes\/relatorio-de-monitoramento-nacional-das-praticas-integrativas-e-complementares-em-saude\" target=\"_blank\" rel=\"noreferrer noopener\">Relat\u00f3rio de monitoramento do Minist\u00e9rio da Sa\u00fade do Brasil<\/a><\/p>\n\n\n\n<p>Pr\u00e1ticas mais realizadas no SUS s\u00e3o as da Medicina Tradicional Chinesa, seguidos de Fitoterapia, Massoterapia, Yoga e&nbsp; Medita\u00e7\u00e3o.<\/p>\n\n\n\n<figure class=\"wp-block-image size-large\"><img loading=\"lazy\" decoding=\"async\" width=\"1024\" height=\"528\" src=\"https:\/\/wp.teste.tmgl.org\/americas\/wp-content\/uploads\/sites\/3\/2025\/10\/image-2-1024x528.png\" alt=\"\" class=\"wp-image-658\" srcset=\"https:\/\/wp.teste.tmgl.org\/americas\/wp-content\/uploads\/sites\/3\/2025\/10\/image-2-1024x528.png 1024w, https:\/\/wp.teste.tmgl.org\/americas\/wp-content\/uploads\/sites\/3\/2025\/10\/image-2-300x155.png 300w, https:\/\/wp.teste.tmgl.org\/americas\/wp-content\/uploads\/sites\/3\/2025\/10\/image-2-768x396.png 768w, https:\/\/wp.teste.tmgl.org\/americas\/wp-content\/uploads\/sites\/3\/2025\/10\/image-2-290x150.png 290w, https:\/\/wp.teste.tmgl.org\/americas\/wp-content\/uploads\/sites\/3\/2025\/10\/image-2.png 1270w\" sizes=\"auto, (max-width: 1024px) 100vw, 1024px\" \/><\/figure>\n\n\n\n<p>Saiba mais sobre a oferta de PICS no relat\u00f3rio de monitoramento do Minist\u00e9rio da Sa\u00fade do Brasil:<\/p>\n\n\n<div class=\"wp-block-image\">\n<figure class=\"aligncenter size-full\"><a href=\"https:\/\/www.gov.br\/saude\/pt-br\/composicao\/saps\/pics\/avaliacao-e-monitoramento\/publicacoes\/relatorio-de-monitoramento-nacional-das-praticas-integrativas-e-complementares-em-saude\" target=\"_blank\" rel=\" noreferrer noopener\"><img loading=\"lazy\" decoding=\"async\" width=\"669\" height=\"942\" src=\"https:\/\/wp.teste.tmgl.org\/americas\/wp-content\/uploads\/sites\/3\/2025\/10\/PICS.png\" alt=\"\" class=\"wp-image-697\" srcset=\"https:\/\/wp.teste.tmgl.org\/americas\/wp-content\/uploads\/sites\/3\/2025\/10\/PICS.png 669w, https:\/\/wp.teste.tmgl.org\/americas\/wp-content\/uploads\/sites\/3\/2025\/10\/PICS-213x300.png 213w\" sizes=\"auto, (max-width: 669px) 100vw, 669px\" \/><\/a><\/figure><\/div>\n\n\n<p><\/p>\n\n\n\n<p><strong>Veja uma fala do Minist\u00e9rio da Sa\u00fade:<\/strong><\/p>\n\n\n\n<figure class=\"wp-block-embed aligncenter is-type-video is-provider-youtube wp-block-embed-youtube wp-embed-aspect-16-9 wp-has-aspect-ratio\"><div class=\"wp-block-embed__wrapper\">\n<iframe loading=\"lazy\" title=\"Pr\u00e1ticas Integrativas e Complementares em Sa\u00fade: Cuidado e Promo\u00e7\u00e3o da Sa\u00fade na APS\" width=\"500\" height=\"281\" src=\"https:\/\/www.youtube.com\/embed\/TH3aVCaeI6Y?feature=oembed\" frameborder=\"0\" allow=\"accelerometer; autoplay; clipboard-write; encrypted-media; gyroscope; picture-in-picture; web-share\" referrerpolicy=\"strict-origin-when-cross-origin\" allowfullscreen><\/iframe>\n<\/div><\/figure>\n\n\n\n<h2 class=\"wp-block-heading\">Reconhecimento Profissional<\/h2>\n\n\n\n<p>As PICS no Brasil s\u00e3o realizadas por uma ampla gama de profissionais de sa\u00fade vinculados ao SUS. M\u00e9dicos, enfermeiros, psic\u00f3logos, fisioterapeutas, terapeutas ocupacionais, farmac\u00eauticos, educadores f\u00edsicos e outros profissionais podem aplicar diferentes pr\u00e1ticas, desde que devidamente capacitados e respaldados pelas normativas dos seus conselhos profissionais. Essa diversidade reflete o car\u00e1ter multiprofissional e interdisciplinar das PICS.<\/p>\n\n\n\n<p>Em muitas localidades, agentes comunit\u00e1rios de sa\u00fade tamb\u00e9m t\u00eam papel central na sensibiliza\u00e7\u00e3o da popula\u00e7\u00e3o, encaminhamento de usu\u00e1rios e apoio a pr\u00e1ticas coletivas, como grupos de medita\u00e7\u00e3o e atividades de promo\u00e7\u00e3o de sa\u00fade. Esse protagonismo refor\u00e7a o v\u00ednculo comunit\u00e1rio e fortalece o cuidado no territ\u00f3rio.<\/p>\n\n\n\n<p>No \u00e2mbito privado, o Minist\u00e9rio do Trabalho reconhece outras ocupa\u00e7\u00f5es como terapeuta reiki, instrutor de yoga, instrutor de medita\u00e7\u00e3o, facilitador de grupos de movimento bioenerg\u00e9tica, naturopata entre outros, que tem respaldo, mas&nbsp; n\u00e3o podem realizar atos que s\u00e3o considerados exclusivos das profiss\u00f5es regulamentadas por lei.<\/p>\n\n\n\n<h2 class=\"wp-block-heading\">Forma\u00e7\u00e3o necess\u00e1ria<\/h2>\n\n\n\n<p>A forma\u00e7\u00e3o para atuar com PICS no SUS depende da pr\u00e1tica espec\u00edfica. Algumas exigem especializa\u00e7\u00f5es de longa dura\u00e7\u00e3o reconhecidas por conselhos profissionais, como \u00e9 o caso da acupuntura, fitoterapia, homeopatia entre outras. No entanto, pr\u00e1ticas como auriculoterapia, pr\u00e1ticas corporais da Medicina Tradicional Chinesa, medita\u00e7\u00e3o, podem ser oferecidas por profissionais ap\u00f3s capacita\u00e7\u00f5es mais breves.<\/p>\n\n\n\n<p>Algumas profiss\u00f5es ou ocupa\u00e7\u00f5es tamb\u00e9m tem exig\u00eancias de forma\u00e7\u00e3o espec\u00edfica, como Natur\u00f3logos, Arteterapeutas, Tecn\u00f3logos em PICS, Instrutores de Yoga entre outras. Estes atuam de forma mais comum na iniciativa privada.<\/p>\n\n\n\n<h2 class=\"wp-block-heading\">Estrat\u00e9gia de Expans\u00e3o<\/h2>\n\n\n\n<p>A expans\u00e3o das PICS no Brasil tem sido guiada por estrat\u00e9gias articuladas em diferentes n\u00edveis do sistema de sa\u00fade. Em primeiro lugar, a amplia\u00e7\u00e3o da oferta nas unidades b\u00e1sicas de sa\u00fade \u00e9 um dos eixos centrais, buscando garantir que os usu\u00e1rios encontrem as pr\u00e1ticas pr\u00f3ximas de seus territ\u00f3rios, como parte da rotina do cuidado em sa\u00fade.<\/p>\n\n\n\n<p>Outro eixo estrat\u00e9gico \u00e9 a capacita\u00e7\u00e3o cont\u00ednua de profissionais. Por meio de parcerias com universidades e escolas de forma\u00e7\u00e3o do SUS, ofertado cursos presenciais, mistos e a dist\u00e2ncia, que j\u00e1 formaram centenas de milhares de trabalhadores do SUS, ampliando significativamente a base de profissionais habilitados a ofertar as pr\u00e1ticas. Destacam-se iniciativas como a forma\u00e7\u00e3o em auriculoterapia, que j\u00e1 capacitou mais de 23 mil profissionais de sa\u00fade em todo o Brasil, e a oferta de cursos online no AVASUS, que j\u00e1 somam mais de 350 mil inscri\u00e7\u00f5es em ofertas de pr\u00e1ticas da Medicina Tradicional Chinesa, plantas medicinais e fitoter\u00e1picos, aromaterapia, medita\u00e7\u00e3o, yoga, entre outras.&nbsp;<\/p>\n\n\n\n<p><strong>Enlace: <\/strong><a href=\"https:\/\/avasus.ufrn.br\/local\/avasplugin\/cursos\/cursos.php?search=integrativas\" target=\"_blank\" rel=\"noreferrer noopener\"><strong>AVASUS | M\u00f3dulos educacionais<\/strong><\/a><\/p>\n\n\n\n<p>Outra frente envolve a incorpora\u00e7\u00e3o em documentos t\u00e9cnicos orientativos dos gestores e trabalhadores de sa\u00fade, desde manuais, guias, cartilhas, protocolos, informes entre outros. Estes documentos orientam a organiza\u00e7\u00e3o da oferta no sistema p\u00fablico de sa\u00fade, e tecnicamente os profissionais para garantir uma atua\u00e7\u00e3o com qualidade e seguran\u00e7a.<\/p>\n\n\n\n<h2 class=\"wp-block-heading\">Protocolos e diretrizes reconhecidas<\/h2>\n\n\n\n<p>A ado\u00e7\u00e3o das PICS no SUS \u00e9 respaldada por protocolos cl\u00ednicos, normativas e diretrizes que garantem qualidade, seguran\u00e7a e efetividade. Esses documentos orientam desde a sele\u00e7\u00e3o de plantas medicinais at\u00e9 a condu\u00e7\u00e3o de t\u00e9cnicas como auriculoterapia, pr\u00e1ticas corporais, acupuntura ou medita\u00e7\u00e3o. A padroniza\u00e7\u00e3o \u00e9 essencial para que os servi\u00e7os sejam aplicados com base em evid\u00eancias cient\u00edficas e respeitem os crit\u00e9rios \u00e9ticos e legais da pr\u00e1tica em sa\u00fade.<\/p>\n\n\n\n<p>As evid\u00eancias cient\u00edficas atuais, apoiam o Minist\u00e9rio da Sa\u00fade e estados e munic\u00edpios \u00e0 incorporarem \u00e0s PICS em protocolos cl\u00ednicos e diretrizes terap\u00eauticas para condi\u00e7\u00f5es como dor cr\u00f4nica, hipertens\u00e3o arterial, diabetes, sobrepeso e obesidade, tabagismo, entre outras.<\/p>\n\n\n\n<p>Al\u00e9m dos documentos nacionais, muitos munic\u00edpios elaboraram protocolos locais de PICS, adaptando as orienta\u00e7\u00f5es \u00e0s realidades de seus territ\u00f3rios. Esse movimento fortalece a descentraliza\u00e7\u00e3o do cuidado e garante que a pol\u00edtica nacional se torne viva e flex\u00edvel, ajustando-se \u00e0s necessidades de cada comunidade.<\/p>\n\n\n\n<p class=\"has-black-color has-text-color has-link-color has-small-font-size wp-elements-fda5219e57c5e39af04793b491c56396\"><\/p>\n\n\n\n<h2 class=\"wp-block-heading\">Garantia de insumos<\/h2>\n\n\n\n<p>Um dos pilares para o fortalecimento das PICS no SUS \u00e9 a garantia de insumos de qualidade. No caso da fitoterapia, isso envolve desde a regulamenta\u00e7\u00e3o das esp\u00e9cies vegetais de uso seguro at\u00e9 a cria\u00e7\u00e3o de hortos medicinais, farm\u00e1cias vivas, farm\u00e1cias de manipula\u00e7\u00e3o e ind\u00fastrias que produzem fitoter\u00e1picos com padr\u00f5es t\u00e9cnicos definidos.<\/p>\n\n\n\n<p>A Rela\u00e7\u00e3o Nacional de Plantas Medicinais de Interesse ao SUS (RENISUS) \u00e9 a principal refer\u00eancia, definindo esp\u00e9cies que devem ser priorizadas em pesquisas e produ\u00e7\u00e3o. Al\u00e9m disso, a Ag\u00eancia Nacional de Vigil\u00e2ncia Sanit\u00e1ria (ANVISA) estabelece regras para registro, produ\u00e7\u00e3o e comercializa\u00e7\u00e3o desses insumos, garantindo seguran\u00e7a e efic\u00e1cia para os usu\u00e1rios.<\/p>\n\n\n\n<p>A sustentabilidade da pol\u00edtica depende tamb\u00e9m do fortalecimento de cadeias produtivas locais. Muitos munic\u00edpios t\u00eam desenvolvido parcerias com agricultores familiares e cooperativas para cultivo de plantas medicinais, unindo promo\u00e7\u00e3o da sa\u00fade, gera\u00e7\u00e3o de renda e desenvolvimento sustent\u00e1vel. Assim, a garantia de insumos se conecta a uma vis\u00e3o ampliada de sa\u00fade e cidadania.<\/p>\n\n\n\n<p>Acesse o site do Minist\u00e9rio da sa\u00fade: <a href=\"https:\/\/www.gov.br\/saude\/pt-br\/composicao\/saps\/pics\">Pr\u00e1ticas Integrativas e Complementares em Sa\u00fade (PICS) \u2014 Minist\u00e9rio da Sa\u00fade<\/a><\/p>\n","protected":false},"excerpt":{"rendered":"<p>A implementa\u00e7\u00e3o das Pr\u00e1ticas Integrativas e Complementares em Sa\u00fade (PICS) no Sistema \u00danico de Sa\u00fade (SUS) do Brasil \u00e9 resultado [&hellip;]<\/p>\n","protected":false},"author":6,"featured_media":0,"parent":0,"menu_order":0,"comment_status":"closed","ping_status":"closed","template":"","meta":{"_acf_changed":false,"footnotes":""},"country":[],"region":[],"class_list":["post-651","page","type-page","status-publish","hentry"],"acf":{"region_resources_title":"Resources","region_resources_subtitle":"Discover resources that enable inclusive, evidence-informed, and culturally respectful integration of traditional medicine into global health systems.","resources":false,"collaboration_network_items":false},"lang":"en","translations":{"en":651},"pll_sync_post":[],"_links":{"self":[{"href":"https:\/\/wp.teste.tmgl.org\/americas\/wp-json\/wp\/v2\/pages\/651","targetHints":{"allow":["GET"]}}],"collection":[{"href":"https:\/\/wp.teste.tmgl.org\/americas\/wp-json\/wp\/v2\/pages"}],"about":[{"href":"https:\/\/wp.teste.tmgl.org\/americas\/wp-json\/wp\/v2\/types\/page"}],"author":[{"embeddable":true,"href":"https:\/\/wp.teste.tmgl.org\/americas\/wp-json\/wp\/v2\/users\/6"}],"replies":[{"embeddable":true,"href":"https:\/\/wp.teste.tmgl.org\/americas\/wp-json\/wp\/v2\/comments?post=651"}],"version-history":[{"count":9,"href":"https:\/\/wp.teste.tmgl.org\/americas\/wp-json\/wp\/v2\/pages\/651\/revisions"}],"predecessor-version":[{"id":825,"href":"https:\/\/wp.teste.tmgl.org\/americas\/wp-json\/wp\/v2\/pages\/651\/revisions\/825"}],"wp:attachment":[{"href":"https:\/\/wp.teste.tmgl.org\/americas\/wp-json\/wp\/v2\/media?parent=651"}],"wp:term":[{"taxonomy":"country","embeddable":true,"href":"https:\/\/wp.teste.tmgl.org\/americas\/wp-json\/wp\/v2\/country?post=651"},{"taxonomy":"region","embeddable":true,"href":"https:\/\/wp.teste.tmgl.org\/americas\/wp-json\/wp\/v2\/region?post=651"}],"curies":[{"name":"wp","href":"https:\/\/api.w.org\/{rel}","templated":true}]}}